{"id":227,"date":"2023-07-18T10:25:56","date_gmt":"2023-07-18T10:25:56","guid":{"rendered":"https:\/\/olamonkojazzpiano.pl\/?page_id=227"},"modified":"2023-07-18T13:45:56","modified_gmt":"2023-07-18T13:45:56","slug":"moje-bio","status":"publish","type":"page","link":"https:\/\/olamonkojazzpiano.pl\/?page_id=227","title":{"rendered":"Bio pol\/eng"},"content":{"rendered":"\n<p>Ola Mo\u0144ko (Aleksandra Mo\u0144ko-Allen) \u2013 pianistka i kompozytorka czerpi\u0105ca inspiracj\u0119 z tw\u00f3rczo\u015bci takich muzyk\u00f3w jak Krzysztof Komeda, Bobby Timmons, McCoy Tyner, Horace Silver, Lee Morgan, John Coltrane czy Art Blakey.<\/p>\n\n\n\n<p>Wy\u017csze wykszta\u0142cenie zdoby\u0142a w Akademii Muzyki Rozrywkowej im. Karola Szymanowskiego na Wydziale Jazzu i Muzyki Rozrywkowej w Katowicach w klasie fortepianu Wojciecha Niedzieli. Kontynuowa\u0142a nauk\u0119 w City College of New York w Nowym Yorku przy boku muzyk\u00f3w takich jak John Patitucci, John Hicks i Ronney Mathews.<\/p>\n\n\n\n<p>Uko\u0144czy\u0142a University of the District of Columbia w Waszyngtonie w klasie fortepianu dr. Marvy Cooper. Przez sze\u015b\u0107 lat prowadzi\u0142a Ch\u00f3r Gospel w ko\u015bciele Mt. Calvary Catholic Church w Forestville w stanie Maryland, komponuj\u0105c i aran\u017cuj\u0105c dla niego utwory. Zdoby\u0142a dwukrotnie pierwsze miejsce na mi\u0119dzynarodowym konkursie kompozytorskim im. Krzysztofa Komedy w S\u0142upsku za utwory I will not fall in love with you i Ocean. W Waszyngtonie wsp\u00f3\u0142pracowa\u0142a z muzykami takimi jak Butch Warren, Eric Allen, Ephraim Wolfolk, Catarina Racha czy Vanessa Williams. Zagra\u0142a w Tribute to Charlotte Holloman w University of the District of Columbia w USA. Po trzynastu latach pobytu w Stanach Zjednoczonych wr\u00f3ci\u0142a do Polski. P\u0142yta Wherever You are \u2013 Gdziekolwiek jeste\u015b Ty \u2013 to historia o kim\u015b, kto chce si\u0119 podzieli\u0107 z innymi swoj\u0105 mi\u0142o\u015bci\u0105 do muzyki, kt\u00f3ra manifestuje si\u0119 poprzez d\u017awi\u0119ki fortepianu.<\/p>\n\n\n\n<p>Ola Mo\u0144ko is a polish pianist and composer born and raised in Poland, moved back to Poland after living in America for thirteen years. She is playing a contemporary mainstream. Ola Mo\u0144ko is inspired by American musicians such as: Bobby Timmons, McCoy Tyner, Horace Silver, Lee Morgan, John Hicks, John Coltrane and Art Blakey. She initially studied at the polish University in Katowice then continued studying at the City College of New York. The pianist was guided by John Patitucci, John Hicks, Ronney Mathews in NYC. Ola Mo\u0144ko performed gospel music as a music director at the catholic church in Maryland, USA. In 2018 she recorded her first album with the original compositions \u201cWherever You are\u201d. The music was recorded with the best polish and american musicians such as: Maciej Sika\u0142a, Jerzy Ma\u0142ek, Micha\u0142 Bara\u0144ski and Eric Allen on drums. She is currently working on her second original record coming up this fall. Ola Mo\u0144ko has a unique way of interacting with the audience. Her music is full of energy and sends a positive feedback to the listeners. You can check \u201cWherever You are\u201d on Spotify. I appreciate your interest in Ola Mo\u0144ko\u2019s music.<\/p>\n","protected":false},"excerpt":{"rendered":"<p>Ola Mo\u0144ko (Aleksandra Mo\u0144ko-Allen) \u2013 pianistka i kompozytorka czerpi\u0105ca inspiracj\u0119 z tw\u00f3rczo\u015bci takich muzyk\u00f3w jak Krzysztof Komeda, Bobby Timmons, McCoy Tyner, Horace Silver, Lee Morgan, John Coltrane czy Art Blakey. Wy\u017csze wykszta\u0142cenie zdoby\u0142a w Akademii Muzyki Rozrywkowej im. Karola Szymanowskiego na Wydziale Jazzu i Muzyki Rozrywkowej w Katowicach w klasie fortepianu Wojciecha Niedzieli. Kontynuowa\u0142a nauk\u0119 &hellip; <a href=\"https:\/\/olamonkojazzpiano.pl\/?page_id=227\" class=\"more-link\">Czytaj dalej <span class=\"screen-reader-text\">Bio pol\/eng<\/span><\/a><\/p>\n","protected":false},"author":1,"featured_media":193,"parent":0,"menu_order":0,"comment_status":"closed","ping_status":"closed","template":"","meta":{"footnotes":""},"class_list":["post-227","page","type-page","status-publish","has-post-thumbnail","hentry"],"_links":{"self":[{"href":"https:\/\/olamonkojazzpiano.pl\/index.php?rest_route=\/wp\/v2\/pages\/227","targetHints":{"allow":["GET"]}}],"collection":[{"href":"https:\/\/olamonkojazzpiano.pl\/index.php?rest_route=\/wp\/v2\/pages"}],"about":[{"href":"https:\/\/olamonkojazzpiano.pl\/index.php?rest_route=\/wp\/v2\/types\/page"}],"author":[{"embeddable":true,"href":"https:\/\/olamonkojazzpiano.pl\/index.php?rest_route=\/wp\/v2\/users\/1"}],"replies":[{"embeddable":true,"href":"https:\/\/olamonkojazzpiano.pl\/index.php?rest_route=%2Fwp%2Fv2%2Fcomments&post=227"}],"version-history":[{"count":2,"href":"https:\/\/olamonkojazzpiano.pl\/index.php?rest_route=\/wp\/v2\/pages\/227\/revisions"}],"predecessor-version":[{"id":257,"href":"https:\/\/olamonkojazzpiano.pl\/index.php?rest_route=\/wp\/v2\/pages\/227\/revisions\/257"}],"wp:featuredmedia":[{"embeddable":true,"href":"https:\/\/olamonkojazzpiano.pl\/index.php?rest_route=\/wp\/v2\/media\/193"}],"wp:attachment":[{"href":"https:\/\/olamonkojazzpiano.pl\/index.php?rest_route=%2Fwp%2Fv2%2Fmedia&parent=227"}],"curies":[{"name":"wp","href":"https:\/\/api.w.org\/{rel}","templated":true}]}}